{"id":1845,"date":"2025-08-23T11:42:33","date_gmt":"2025-08-23T09:42:33","guid":{"rendered":"https:\/\/farmax.pro\/product\/samix-constantia-mixer\/"},"modified":"2025-12-26T08:39:46","modified_gmt":"2025-12-26T07:39:46","slug":"samix-constantia-mixer","status":"publish","type":"product","link":"https:\/\/farmax.pro\/fr\/produit\/samix-constantia-mixer\/","title":{"rendered":"Samix Constantia S mixeur"},"content":{"rendered":"<ul>\n<li><span dir=\"auto\"><span dir=\"auto\">Pour les pr\u00e9parations jusqu&rsquo;\u00e0 1000 ml.<\/span><\/span><\/li>\n<li>Programmes professionnels int\u00e9gr\u00e9s.<\/li>\n<li>\u00c9cran tactile.<\/li>\n<li>Fonction &lsquo;lift&rsquo; automatique.<\/li>\n<li>Contr\u00f4lable par Smartphone, tablette ou PC.<\/li>\n<li>Connectable au r\u00e9seau.<\/li>\n<li>Puissance de m\u00e9lange: 528W.<\/li>\n<li>Vitesse de rotation: 650-2400 tpm.<\/li>\n<li>Poids: 12kg.<\/li>\n<li>Dimensions: L x L x H: 30cm x 30cm x 55cm.<\/li>\n<li>Choix de couleurs sur demande.<\/li>\n<li>Bras m\u00e9langeurs NON inclus.<\/li>\n<\/ul>\n","protected":false},"excerpt":{"rendered":"<p>Pour les pr\u00e9parations jusqu&rsquo;\u00e0 1000 ml. Programmes professionnels int\u00e9gr\u00e9s. \u00c9cran tactile. Fonction &lsquo;lift&rsquo; automatique. Contr\u00f4lable par Smartphone, tablette ou PC. Connectable au r\u00e9seau. Puissance de m\u00e9lange: 528W. Vitesse de rotation: 650-2400 tpm. Poids: 12kg. Dimensions: L x L x H: 30cm x 30cm x 55cm. Choix de couleurs sur demande. Bras m\u00e9langeurs NON inclus.<\/p>\n","protected":false},"featured_media":524,"template":"","meta":{"_acf_changed":false},"product_brand":[],"product_cat":[96],"product_tag":[],"class_list":{"0":"post-1845","1":"product","2":"type-product","3":"status-publish","4":"has-post-thumbnail","6":"product_cat-investeringsgoederen-fr","7":"wcmo-protected-item wcmo-protected-product","9":"first","10":"instock","11":"taxable","12":"shipping-taxable","13":"product-type-simple","14":"add-to-wishlist-after_add_to_cart"},"acf":[],"yoast_head":"<!-- This site is optimized with the Yoast SEO plugin v27.4 - https:\/\/yoast.com\/product\/yoast-seo-wordpress\/ -->\n<title>Samix Constantia S mixeur - Farmax Pro<\/title>\n<meta name=\"robots\" content=\"index, follow, max-snippet:-1, max-image-preview:large, max-video-preview:-1\" \/>\n<link rel=\"canonical\" href=\"https:\/\/farmax.pro\/fr\/produit\/samix-constantia-mixer\/\" \/>\n<meta property=\"og:locale\" content=\"fr_FR\" \/>\n<meta property=\"og:type\" content=\"article\" \/>\n<meta property=\"og:title\" content=\"Samix Constantia S mixeur - Farmax Pro\" \/>\n<meta property=\"og:description\" content=\"Pour les pr\u00e9parations jusqu&rsquo;\u00e0 1000 ml. Programmes professionnels int\u00e9gr\u00e9s. \u00c9cran tactile. Fonction &lsquo;lift&rsquo; automatique. Contr\u00f4lable par Smartphone, tablette ou PC. Connectable au r\u00e9seau. Puissance de m\u00e9lange: 528W. Vitesse de rotation: 650-2400 tpm. Poids: 12kg. Dimensions: L x L x H: 30cm x 30cm x 55cm. Choix de couleurs sur demande. Bras m\u00e9langeurs NON inclus.\" \/>\n<meta property=\"og:url\" content=\"https:\/\/farmax.pro\/fr\/produit\/samix-constantia-mixer\/\" \/>\n<meta property=\"og:site_name\" content=\"Farmax Pro\" \/>\n<meta property=\"article:modified_time\" content=\"2025-12-26T07:39:46+00:00\" \/>\n<meta property=\"og:image\" content=\"https:\/\/farmax.pro\/wp-content\/uploads\/2025\/08\/Farmax_samix_constantia_small.png\" \/>\n\t<meta property=\"og:image:width\" content=\"233\" \/>\n\t<meta property=\"og:image:height\" content=\"350\" \/>\n\t<meta property=\"og:image:type\" content=\"image\/png\" \/>\n<meta name=\"twitter:card\" content=\"summary_large_image\" \/>\n<meta name=\"twitter:label1\" content=\"Dur\u00e9e de lecture estim\u00e9e\" \/>\n\t<meta name=\"twitter:data1\" content=\"1 minute\" \/>\n<script type=\"application\/ld+json\" class=\"yoast-schema-graph\">{\"@context\":\"https:\\\/\\\/schema.org\",\"@graph\":[{\"@type\":\"WebPage\",\"@id\":\"https:\\\/\\\/farmax.pro\\\/fr\\\/produit\\\/samix-constantia-mixer\\\/\",\"url\":\"https:\\\/\\\/farmax.pro\\\/fr\\\/produit\\\/samix-constantia-mixer\\\/\",\"name\":\"Samix Constantia S mixeur - Farmax Pro\",\"isPartOf\":{\"@id\":\"https:\\\/\\\/farmax.pro\\\/fr\\\/#website\"},\"primaryImageOfPage\":{\"@id\":\"https:\\\/\\\/farmax.pro\\\/fr\\\/produit\\\/samix-constantia-mixer\\\/#primaryimage\"},\"image\":{\"@id\":\"https:\\\/\\\/farmax.pro\\\/fr\\\/produit\\\/samix-constantia-mixer\\\/#primaryimage\"},\"thumbnailUrl\":\"https:\\\/\\\/farmax.pro\\\/wp-content\\\/uploads\\\/2025\\\/08\\\/Farmax_samix_constantia_small.png\",\"datePublished\":\"2025-08-23T09:42:33+00:00\",\"dateModified\":\"2025-12-26T07:39:46+00:00\",\"breadcrumb\":{\"@id\":\"https:\\\/\\\/farmax.pro\\\/fr\\\/produit\\\/samix-constantia-mixer\\\/#breadcrumb\"},\"inLanguage\":\"fr-FR\",\"potentialAction\":[{\"@type\":\"ReadAction\",\"target\":[\"https:\\\/\\\/farmax.pro\\\/fr\\\/produit\\\/samix-constantia-mixer\\\/\"]}]},{\"@type\":\"ImageObject\",\"inLanguage\":\"fr-FR\",\"@id\":\"https:\\\/\\\/farmax.pro\\\/fr\\\/produit\\\/samix-constantia-mixer\\\/#primaryimage\",\"url\":\"https:\\\/\\\/farmax.pro\\\/wp-content\\\/uploads\\\/2025\\\/08\\\/Farmax_samix_constantia_small.png\",\"contentUrl\":\"https:\\\/\\\/farmax.pro\\\/wp-content\\\/uploads\\\/2025\\\/08\\\/Farmax_samix_constantia_small.png\",\"width\":233,\"height\":350},{\"@type\":\"BreadcrumbList\",\"@id\":\"https:\\\/\\\/farmax.pro\\\/fr\\\/produit\\\/samix-constantia-mixer\\\/#breadcrumb\",\"itemListElement\":[{\"@type\":\"ListItem\",\"position\":1,\"name\":\"Home\",\"item\":\"https:\\\/\\\/farmax.pro\\\/fr\\\/\"},{\"@type\":\"ListItem\",\"position\":2,\"name\":\"Boutique\",\"item\":\"https:\\\/\\\/farmax.pro\\\/winkel\\\/\"},{\"@type\":\"ListItem\",\"position\":3,\"name\":\"Mat\u00e9riel d'investissement\",\"item\":\"https:\\\/\\\/farmax.pro\\\/fr\\\/product-categorie\\\/investeringsgoederen-fr\\\/\"},{\"@type\":\"ListItem\",\"position\":4,\"name\":\"Samix Constantia S mixeur\"}]},{\"@type\":\"WebSite\",\"@id\":\"https:\\\/\\\/farmax.pro\\\/fr\\\/#website\",\"url\":\"https:\\\/\\\/farmax.pro\\\/fr\\\/\",\"name\":\"Farmax Pro\",\"description\":\"\",\"publisher\":{\"@id\":\"https:\\\/\\\/farmax.pro\\\/fr\\\/#organization\"},\"potentialAction\":[{\"@type\":\"SearchAction\",\"target\":{\"@type\":\"EntryPoint\",\"urlTemplate\":\"https:\\\/\\\/farmax.pro\\\/fr\\\/?s={search_term_string}\"},\"query-input\":{\"@type\":\"PropertyValueSpecification\",\"valueRequired\":true,\"valueName\":\"search_term_string\"}}],\"inLanguage\":\"fr-FR\"},{\"@type\":\"Organization\",\"@id\":\"https:\\\/\\\/farmax.pro\\\/fr\\\/#organization\",\"name\":\"Farmax Pro\",\"url\":\"https:\\\/\\\/farmax.pro\\\/fr\\\/\",\"logo\":{\"@type\":\"ImageObject\",\"inLanguage\":\"fr-FR\",\"@id\":\"https:\\\/\\\/farmax.pro\\\/fr\\\/#\\\/schema\\\/logo\\\/image\\\/\",\"url\":\"https:\\\/\\\/farmax.pro\\\/wp-content\\\/uploads\\\/2025\\\/06\\\/logo.png\",\"contentUrl\":\"https:\\\/\\\/farmax.pro\\\/wp-content\\\/uploads\\\/2025\\\/06\\\/logo.png\",\"width\":551,\"height\":86,\"caption\":\"Farmax Pro\"},\"image\":{\"@id\":\"https:\\\/\\\/farmax.pro\\\/fr\\\/#\\\/schema\\\/logo\\\/image\\\/\"}}]}<\/script>\n<!-- \/ Yoast SEO plugin. -->","yoast_head_json":{"title":"Samix Constantia S mixeur - Farmax Pro","robots":{"index":"index","follow":"follow","max-snippet":"max-snippet:-1","max-image-preview":"max-image-preview:large","max-video-preview":"max-video-preview:-1"},"canonical":"https:\/\/farmax.pro\/fr\/produit\/samix-constantia-mixer\/","og_locale":"fr_FR","og_type":"article","og_title":"Samix Constantia S mixeur - Farmax Pro","og_description":"Pour les pr\u00e9parations jusqu&rsquo;\u00e0 1000 ml. Programmes professionnels int\u00e9gr\u00e9s. \u00c9cran tactile. Fonction &lsquo;lift&rsquo; automatique. Contr\u00f4lable par Smartphone, tablette ou PC. Connectable au r\u00e9seau. Puissance de m\u00e9lange: 528W. Vitesse de rotation: 650-2400 tpm. Poids: 12kg. Dimensions: L x L x H: 30cm x 30cm x 55cm. Choix de couleurs sur demande. Bras m\u00e9langeurs NON inclus.","og_url":"https:\/\/farmax.pro\/fr\/produit\/samix-constantia-mixer\/","og_site_name":"Farmax Pro","article_modified_time":"2025-12-26T07:39:46+00:00","og_image":[{"width":233,"height":350,"url":"https:\/\/farmax.pro\/wp-content\/uploads\/2025\/08\/Farmax_samix_constantia_small.png","type":"image\/png"}],"twitter_card":"summary_large_image","twitter_misc":{"Dur\u00e9e de lecture estim\u00e9e":"1 minute"},"schema":{"@context":"https:\/\/schema.org","@graph":[{"@type":"WebPage","@id":"https:\/\/farmax.pro\/fr\/produit\/samix-constantia-mixer\/","url":"https:\/\/farmax.pro\/fr\/produit\/samix-constantia-mixer\/","name":"Samix Constantia S mixeur - Farmax Pro","isPartOf":{"@id":"https:\/\/farmax.pro\/fr\/#website"},"primaryImageOfPage":{"@id":"https:\/\/farmax.pro\/fr\/produit\/samix-constantia-mixer\/#primaryimage"},"image":{"@id":"https:\/\/farmax.pro\/fr\/produit\/samix-constantia-mixer\/#primaryimage"},"thumbnailUrl":"https:\/\/farmax.pro\/wp-content\/uploads\/2025\/08\/Farmax_samix_constantia_small.png","datePublished":"2025-08-23T09:42:33+00:00","dateModified":"2025-12-26T07:39:46+00:00","breadcrumb":{"@id":"https:\/\/farmax.pro\/fr\/produit\/samix-constantia-mixer\/#breadcrumb"},"inLanguage":"fr-FR","potentialAction":[{"@type":"ReadAction","target":["https:\/\/farmax.pro\/fr\/produit\/samix-constantia-mixer\/"]}]},{"@type":"ImageObject","inLanguage":"fr-FR","@id":"https:\/\/farmax.pro\/fr\/produit\/samix-constantia-mixer\/#primaryimage","url":"https:\/\/farmax.pro\/wp-content\/uploads\/2025\/08\/Farmax_samix_constantia_small.png","contentUrl":"https:\/\/farmax.pro\/wp-content\/uploads\/2025\/08\/Farmax_samix_constantia_small.png","width":233,"height":350},{"@type":"BreadcrumbList","@id":"https:\/\/farmax.pro\/fr\/produit\/samix-constantia-mixer\/#breadcrumb","itemListElement":[{"@type":"ListItem","position":1,"name":"Home","item":"https:\/\/farmax.pro\/fr\/"},{"@type":"ListItem","position":2,"name":"Boutique","item":"https:\/\/farmax.pro\/winkel\/"},{"@type":"ListItem","position":3,"name":"Mat\u00e9riel d'investissement","item":"https:\/\/farmax.pro\/fr\/product-categorie\/investeringsgoederen-fr\/"},{"@type":"ListItem","position":4,"name":"Samix Constantia S mixeur"}]},{"@type":"WebSite","@id":"https:\/\/farmax.pro\/fr\/#website","url":"https:\/\/farmax.pro\/fr\/","name":"Farmax Pro","description":"","publisher":{"@id":"https:\/\/farmax.pro\/fr\/#organization"},"potentialAction":[{"@type":"SearchAction","target":{"@type":"EntryPoint","urlTemplate":"https:\/\/farmax.pro\/fr\/?s={search_term_string}"},"query-input":{"@type":"PropertyValueSpecification","valueRequired":true,"valueName":"search_term_string"}}],"inLanguage":"fr-FR"},{"@type":"Organization","@id":"https:\/\/farmax.pro\/fr\/#organization","name":"Farmax Pro","url":"https:\/\/farmax.pro\/fr\/","logo":{"@type":"ImageObject","inLanguage":"fr-FR","@id":"https:\/\/farmax.pro\/fr\/#\/schema\/logo\/image\/","url":"https:\/\/farmax.pro\/wp-content\/uploads\/2025\/06\/logo.png","contentUrl":"https:\/\/farmax.pro\/wp-content\/uploads\/2025\/06\/logo.png","width":551,"height":86,"caption":"Farmax Pro"},"image":{"@id":"https:\/\/farmax.pro\/fr\/#\/schema\/logo\/image\/"}}]}},"_links":{"self":[{"href":"https:\/\/farmax.pro\/fr\/wp-json\/wp\/v2\/product\/1845","targetHints":{"allow":["GET"]}}],"collection":[{"href":"https:\/\/farmax.pro\/fr\/wp-json\/wp\/v2\/product"}],"about":[{"href":"https:\/\/farmax.pro\/fr\/wp-json\/wp\/v2\/types\/product"}],"wp:featuredmedia":[{"embeddable":true,"href":"https:\/\/farmax.pro\/fr\/wp-json\/wp\/v2\/media\/524"}],"wp:attachment":[{"href":"https:\/\/farmax.pro\/fr\/wp-json\/wp\/v2\/media?parent=1845"}],"wp:term":[{"taxonomy":"product_brand","embeddable":true,"href":"https:\/\/farmax.pro\/fr\/wp-json\/wp\/v2\/product_brand?post=1845"},{"taxonomy":"product_cat","embeddable":true,"href":"https:\/\/farmax.pro\/fr\/wp-json\/wp\/v2\/product_cat?post=1845"},{"taxonomy":"product_tag","embeddable":true,"href":"https:\/\/farmax.pro\/fr\/wp-json\/wp\/v2\/product_tag?post=1845"}],"curies":[{"name":"wp","href":"https:\/\/api.w.org\/{rel}","templated":true}]}}