{"id":2192,"date":"2025-08-06T17:54:30","date_gmt":"2025-08-06T15:54:30","guid":{"rendered":"https:\/\/farmax.pro\/product\/entris-ii-essential-line-milligram-balance-620-g1-mg-internal-adjustment-verified-europe\/"},"modified":"2026-03-11T18:33:03","modified_gmt":"2026-03-11T17:33:03","slug":"entris-ii-essential-line-milligram-balance-620-g1-mg-internal-adjustment-verified-europe","status":"publish","type":"product","link":"https:\/\/farmax.pro\/fr\/produit\/entris-ii-essential-line-milligram-balance-620-g1-mg-internal-adjustment-verified-europe\/","title":{"rendered":"Sartorius Entris\u00ae II Essential Line Balance Analytique &#8211; 623"},"content":{"rendered":"<ul>\n<li>P\u00e8se jusqu&rsquo;\u00e0 620 grammes avec 3 d\u00e9cimales.<\/li>\n<li>isoCAL.<\/li>\n<li>Technologie LED tactile.<\/li>\n<li>Applications int\u00e9gr\u00e9es sont disponibles.<\/li>\n<li>Fabriqu\u00e9e en Allemagne.<\/li>\n<li>Marque la plus vendue en pharmacie.<\/li>\n<li>Par pi\u00e8ce.<\/li>\n<li>Code: SARBAL623<\/li>\n<\/ul>\n","protected":false},"excerpt":{"rendered":"<p>P\u00e8se jusqu&rsquo;\u00e0 620 grammes avec 3 d\u00e9cimales. isoCAL. Technologie LED tactile. Applications int\u00e9gr\u00e9es sont disponibles. Fabriqu\u00e9e en Allemagne. Marque la plus vendue en pharmacie. Par pi\u00e8ce. Code: SARBAL623<\/p>\n","protected":false},"featured_media":486,"template":"","meta":{"_acf_changed":false},"product_brand":[],"product_cat":[96],"product_tag":[],"class_list":{"0":"post-2192","1":"product","2":"type-product","3":"status-publish","4":"has-post-thumbnail","6":"product_cat-investeringsgoederen-fr","7":"wcmo-protected-item wcmo-protected-product","9":"first","10":"instock","11":"taxable","12":"shipping-taxable","13":"product-type-simple","14":"add-to-wishlist-after_add_to_cart"},"acf":[],"yoast_head":"<!-- This site is optimized with the Yoast SEO plugin v27.4 - https:\/\/yoast.com\/product\/yoast-seo-wordpress\/ -->\n<title>Sartorius Entris\u00ae II Essential Line Balance Analytique - 623 - Farmax Pro<\/title>\n<meta name=\"robots\" content=\"index, follow, max-snippet:-1, max-image-preview:large, max-video-preview:-1\" \/>\n<link rel=\"canonical\" href=\"https:\/\/farmax.pro\/fr\/produit\/entris-ii-essential-line-milligram-balance-620-g1-mg-internal-adjustment-verified-europe\/\" \/>\n<meta property=\"og:locale\" content=\"fr_FR\" \/>\n<meta property=\"og:type\" content=\"article\" \/>\n<meta property=\"og:title\" content=\"Sartorius Entris\u00ae II Essential Line Balance Analytique - 623 - Farmax Pro\" \/>\n<meta property=\"og:description\" content=\"P\u00e8se jusqu&rsquo;\u00e0 620 grammes avec 3 d\u00e9cimales. isoCAL. Technologie LED tactile. Applications int\u00e9gr\u00e9es sont disponibles. Fabriqu\u00e9e en Allemagne. Marque la plus vendue en pharmacie. Par pi\u00e8ce. Code: SARBAL623\" \/>\n<meta property=\"og:url\" content=\"https:\/\/farmax.pro\/fr\/produit\/entris-ii-essential-line-milligram-balance-620-g1-mg-internal-adjustment-verified-europe\/\" \/>\n<meta property=\"og:site_name\" content=\"Farmax Pro\" \/>\n<meta property=\"article:modified_time\" content=\"2026-03-11T17:33:03+00:00\" \/>\n<meta property=\"og:image\" content=\"https:\/\/farmax.pro\/wp-content\/uploads\/2025\/08\/Farmax_Sartorius_Entris\u00ae-II-Essential-Line-Milligram-Balance-620-g1-mg-Internal-Adjustment-Verified-Europe.jpg\" \/>\n\t<meta property=\"og:image:width\" content=\"2000\" \/>\n\t<meta property=\"og:image:height\" content=\"1578\" \/>\n\t<meta property=\"og:image:type\" content=\"image\/jpeg\" \/>\n<meta name=\"twitter:card\" content=\"summary_large_image\" \/>\n<meta name=\"twitter:label1\" content=\"Dur\u00e9e de lecture estim\u00e9e\" \/>\n\t<meta name=\"twitter:data1\" content=\"1 minute\" \/>\n<script type=\"application\/ld+json\" class=\"yoast-schema-graph\">{\"@context\":\"https:\\\/\\\/schema.org\",\"@graph\":[{\"@type\":\"WebPage\",\"@id\":\"https:\\\/\\\/farmax.pro\\\/fr\\\/produit\\\/entris-ii-essential-line-milligram-balance-620-g1-mg-internal-adjustment-verified-europe\\\/\",\"url\":\"https:\\\/\\\/farmax.pro\\\/fr\\\/produit\\\/entris-ii-essential-line-milligram-balance-620-g1-mg-internal-adjustment-verified-europe\\\/\",\"name\":\"Sartorius Entris\u00ae II Essential Line Balance Analytique - 623 - Farmax Pro\",\"isPartOf\":{\"@id\":\"https:\\\/\\\/farmax.pro\\\/fr\\\/#website\"},\"primaryImageOfPage\":{\"@id\":\"https:\\\/\\\/farmax.pro\\\/fr\\\/produit\\\/entris-ii-essential-line-milligram-balance-620-g1-mg-internal-adjustment-verified-europe\\\/#primaryimage\"},\"image\":{\"@id\":\"https:\\\/\\\/farmax.pro\\\/fr\\\/produit\\\/entris-ii-essential-line-milligram-balance-620-g1-mg-internal-adjustment-verified-europe\\\/#primaryimage\"},\"thumbnailUrl\":\"https:\\\/\\\/farmax.pro\\\/wp-content\\\/uploads\\\/2025\\\/08\\\/Farmax_Sartorius_Entris\u00ae-II-Essential-Line-Milligram-Balance-620-g1-mg-Internal-Adjustment-Verified-Europe.jpg\",\"datePublished\":\"2025-08-06T15:54:30+00:00\",\"dateModified\":\"2026-03-11T17:33:03+00:00\",\"breadcrumb\":{\"@id\":\"https:\\\/\\\/farmax.pro\\\/fr\\\/produit\\\/entris-ii-essential-line-milligram-balance-620-g1-mg-internal-adjustment-verified-europe\\\/#breadcrumb\"},\"inLanguage\":\"fr-FR\",\"potentialAction\":[{\"@type\":\"ReadAction\",\"target\":[\"https:\\\/\\\/farmax.pro\\\/fr\\\/produit\\\/entris-ii-essential-line-milligram-balance-620-g1-mg-internal-adjustment-verified-europe\\\/\"]}]},{\"@type\":\"ImageObject\",\"inLanguage\":\"fr-FR\",\"@id\":\"https:\\\/\\\/farmax.pro\\\/fr\\\/produit\\\/entris-ii-essential-line-milligram-balance-620-g1-mg-internal-adjustment-verified-europe\\\/#primaryimage\",\"url\":\"https:\\\/\\\/farmax.pro\\\/wp-content\\\/uploads\\\/2025\\\/08\\\/Farmax_Sartorius_Entris\u00ae-II-Essential-Line-Milligram-Balance-620-g1-mg-Internal-Adjustment-Verified-Europe.jpg\",\"contentUrl\":\"https:\\\/\\\/farmax.pro\\\/wp-content\\\/uploads\\\/2025\\\/08\\\/Farmax_Sartorius_Entris\u00ae-II-Essential-Line-Milligram-Balance-620-g1-mg-Internal-Adjustment-Verified-Europe.jpg\",\"width\":2000,\"height\":1578},{\"@type\":\"BreadcrumbList\",\"@id\":\"https:\\\/\\\/farmax.pro\\\/fr\\\/produit\\\/entris-ii-essential-line-milligram-balance-620-g1-mg-internal-adjustment-verified-europe\\\/#breadcrumb\",\"itemListElement\":[{\"@type\":\"ListItem\",\"position\":1,\"name\":\"Home\",\"item\":\"https:\\\/\\\/farmax.pro\\\/fr\\\/\"},{\"@type\":\"ListItem\",\"position\":2,\"name\":\"Boutique\",\"item\":\"https:\\\/\\\/farmax.pro\\\/winkel\\\/\"},{\"@type\":\"ListItem\",\"position\":3,\"name\":\"Mat\u00e9riel d'investissement\",\"item\":\"https:\\\/\\\/farmax.pro\\\/fr\\\/product-categorie\\\/investeringsgoederen-fr\\\/\"},{\"@type\":\"ListItem\",\"position\":4,\"name\":\"Sartorius Entris\u00ae II Essential Line Balance Analytique &#8211; 623\"}]},{\"@type\":\"WebSite\",\"@id\":\"https:\\\/\\\/farmax.pro\\\/fr\\\/#website\",\"url\":\"https:\\\/\\\/farmax.pro\\\/fr\\\/\",\"name\":\"Farmax Pro\",\"description\":\"\",\"publisher\":{\"@id\":\"https:\\\/\\\/farmax.pro\\\/fr\\\/#organization\"},\"potentialAction\":[{\"@type\":\"SearchAction\",\"target\":{\"@type\":\"EntryPoint\",\"urlTemplate\":\"https:\\\/\\\/farmax.pro\\\/fr\\\/?s={search_term_string}\"},\"query-input\":{\"@type\":\"PropertyValueSpecification\",\"valueRequired\":true,\"valueName\":\"search_term_string\"}}],\"inLanguage\":\"fr-FR\"},{\"@type\":\"Organization\",\"@id\":\"https:\\\/\\\/farmax.pro\\\/fr\\\/#organization\",\"name\":\"Farmax Pro\",\"url\":\"https:\\\/\\\/farmax.pro\\\/fr\\\/\",\"logo\":{\"@type\":\"ImageObject\",\"inLanguage\":\"fr-FR\",\"@id\":\"https:\\\/\\\/farmax.pro\\\/fr\\\/#\\\/schema\\\/logo\\\/image\\\/\",\"url\":\"https:\\\/\\\/farmax.pro\\\/wp-content\\\/uploads\\\/2025\\\/06\\\/logo.png\",\"contentUrl\":\"https:\\\/\\\/farmax.pro\\\/wp-content\\\/uploads\\\/2025\\\/06\\\/logo.png\",\"width\":551,\"height\":86,\"caption\":\"Farmax Pro\"},\"image\":{\"@id\":\"https:\\\/\\\/farmax.pro\\\/fr\\\/#\\\/schema\\\/logo\\\/image\\\/\"}}]}<\/script>\n<!-- \/ Yoast SEO plugin. -->","yoast_head_json":{"title":"Sartorius Entris\u00ae II Essential Line Balance Analytique - 623 - Farmax Pro","robots":{"index":"index","follow":"follow","max-snippet":"max-snippet:-1","max-image-preview":"max-image-preview:large","max-video-preview":"max-video-preview:-1"},"canonical":"https:\/\/farmax.pro\/fr\/produit\/entris-ii-essential-line-milligram-balance-620-g1-mg-internal-adjustment-verified-europe\/","og_locale":"fr_FR","og_type":"article","og_title":"Sartorius Entris\u00ae II Essential Line Balance Analytique - 623 - Farmax Pro","og_description":"P\u00e8se jusqu&rsquo;\u00e0 620 grammes avec 3 d\u00e9cimales. isoCAL. Technologie LED tactile. Applications int\u00e9gr\u00e9es sont disponibles. Fabriqu\u00e9e en Allemagne. Marque la plus vendue en pharmacie. Par pi\u00e8ce. Code: SARBAL623","og_url":"https:\/\/farmax.pro\/fr\/produit\/entris-ii-essential-line-milligram-balance-620-g1-mg-internal-adjustment-verified-europe\/","og_site_name":"Farmax Pro","article_modified_time":"2026-03-11T17:33:03+00:00","og_image":[{"width":2000,"height":1578,"url":"https:\/\/farmax.pro\/wp-content\/uploads\/2025\/08\/Farmax_Sartorius_Entris\u00ae-II-Essential-Line-Milligram-Balance-620-g1-mg-Internal-Adjustment-Verified-Europe.jpg","type":"image\/jpeg"}],"twitter_card":"summary_large_image","twitter_misc":{"Dur\u00e9e de lecture estim\u00e9e":"1 minute"},"schema":{"@context":"https:\/\/schema.org","@graph":[{"@type":"WebPage","@id":"https:\/\/farmax.pro\/fr\/produit\/entris-ii-essential-line-milligram-balance-620-g1-mg-internal-adjustment-verified-europe\/","url":"https:\/\/farmax.pro\/fr\/produit\/entris-ii-essential-line-milligram-balance-620-g1-mg-internal-adjustment-verified-europe\/","name":"Sartorius Entris\u00ae II Essential Line Balance Analytique - 623 - Farmax Pro","isPartOf":{"@id":"https:\/\/farmax.pro\/fr\/#website"},"primaryImageOfPage":{"@id":"https:\/\/farmax.pro\/fr\/produit\/entris-ii-essential-line-milligram-balance-620-g1-mg-internal-adjustment-verified-europe\/#primaryimage"},"image":{"@id":"https:\/\/farmax.pro\/fr\/produit\/entris-ii-essential-line-milligram-balance-620-g1-mg-internal-adjustment-verified-europe\/#primaryimage"},"thumbnailUrl":"https:\/\/farmax.pro\/wp-content\/uploads\/2025\/08\/Farmax_Sartorius_Entris\u00ae-II-Essential-Line-Milligram-Balance-620-g1-mg-Internal-Adjustment-Verified-Europe.jpg","datePublished":"2025-08-06T15:54:30+00:00","dateModified":"2026-03-11T17:33:03+00:00","breadcrumb":{"@id":"https:\/\/farmax.pro\/fr\/produit\/entris-ii-essential-line-milligram-balance-620-g1-mg-internal-adjustment-verified-europe\/#breadcrumb"},"inLanguage":"fr-FR","potentialAction":[{"@type":"ReadAction","target":["https:\/\/farmax.pro\/fr\/produit\/entris-ii-essential-line-milligram-balance-620-g1-mg-internal-adjustment-verified-europe\/"]}]},{"@type":"ImageObject","inLanguage":"fr-FR","@id":"https:\/\/farmax.pro\/fr\/produit\/entris-ii-essential-line-milligram-balance-620-g1-mg-internal-adjustment-verified-europe\/#primaryimage","url":"https:\/\/farmax.pro\/wp-content\/uploads\/2025\/08\/Farmax_Sartorius_Entris\u00ae-II-Essential-Line-Milligram-Balance-620-g1-mg-Internal-Adjustment-Verified-Europe.jpg","contentUrl":"https:\/\/farmax.pro\/wp-content\/uploads\/2025\/08\/Farmax_Sartorius_Entris\u00ae-II-Essential-Line-Milligram-Balance-620-g1-mg-Internal-Adjustment-Verified-Europe.jpg","width":2000,"height":1578},{"@type":"BreadcrumbList","@id":"https:\/\/farmax.pro\/fr\/produit\/entris-ii-essential-line-milligram-balance-620-g1-mg-internal-adjustment-verified-europe\/#breadcrumb","itemListElement":[{"@type":"ListItem","position":1,"name":"Home","item":"https:\/\/farmax.pro\/fr\/"},{"@type":"ListItem","position":2,"name":"Boutique","item":"https:\/\/farmax.pro\/winkel\/"},{"@type":"ListItem","position":3,"name":"Mat\u00e9riel d'investissement","item":"https:\/\/farmax.pro\/fr\/product-categorie\/investeringsgoederen-fr\/"},{"@type":"ListItem","position":4,"name":"Sartorius Entris\u00ae II Essential Line Balance Analytique &#8211; 623"}]},{"@type":"WebSite","@id":"https:\/\/farmax.pro\/fr\/#website","url":"https:\/\/farmax.pro\/fr\/","name":"Farmax Pro","description":"","publisher":{"@id":"https:\/\/farmax.pro\/fr\/#organization"},"potentialAction":[{"@type":"SearchAction","target":{"@type":"EntryPoint","urlTemplate":"https:\/\/farmax.pro\/fr\/?s={search_term_string}"},"query-input":{"@type":"PropertyValueSpecification","valueRequired":true,"valueName":"search_term_string"}}],"inLanguage":"fr-FR"},{"@type":"Organization","@id":"https:\/\/farmax.pro\/fr\/#organization","name":"Farmax Pro","url":"https:\/\/farmax.pro\/fr\/","logo":{"@type":"ImageObject","inLanguage":"fr-FR","@id":"https:\/\/farmax.pro\/fr\/#\/schema\/logo\/image\/","url":"https:\/\/farmax.pro\/wp-content\/uploads\/2025\/06\/logo.png","contentUrl":"https:\/\/farmax.pro\/wp-content\/uploads\/2025\/06\/logo.png","width":551,"height":86,"caption":"Farmax Pro"},"image":{"@id":"https:\/\/farmax.pro\/fr\/#\/schema\/logo\/image\/"}}]}},"_links":{"self":[{"href":"https:\/\/farmax.pro\/fr\/wp-json\/wp\/v2\/product\/2192","targetHints":{"allow":["GET"]}}],"collection":[{"href":"https:\/\/farmax.pro\/fr\/wp-json\/wp\/v2\/product"}],"about":[{"href":"https:\/\/farmax.pro\/fr\/wp-json\/wp\/v2\/types\/product"}],"wp:featuredmedia":[{"embeddable":true,"href":"https:\/\/farmax.pro\/fr\/wp-json\/wp\/v2\/media\/486"}],"wp:attachment":[{"href":"https:\/\/farmax.pro\/fr\/wp-json\/wp\/v2\/media?parent=2192"}],"wp:term":[{"taxonomy":"product_brand","embeddable":true,"href":"https:\/\/farmax.pro\/fr\/wp-json\/wp\/v2\/product_brand?post=2192"},{"taxonomy":"product_cat","embeddable":true,"href":"https:\/\/farmax.pro\/fr\/wp-json\/wp\/v2\/product_cat?post=2192"},{"taxonomy":"product_tag","embeddable":true,"href":"https:\/\/farmax.pro\/fr\/wp-json\/wp\/v2\/product_tag?post=2192"}],"curies":[{"name":"wp","href":"https:\/\/api.w.org\/{rel}","templated":true}]}}