{"id":2195,"date":"2025-07-17T14:26:46","date_gmt":"2025-07-17T12:26:46","guid":{"rendered":"https:\/\/farmax.pro\/product\/medische-koelkast-meditherm-liebherr-performance-met-9-laden-en-1-rooster\/"},"modified":"2025-12-26T19:32:06","modified_gmt":"2025-12-26T18:32:06","slug":"medische-koelkast-meditherm-liebherr-performance-met-9-laden-en-1-rooster","status":"publish","type":"product","link":"https:\/\/farmax.pro\/fr\/produit\/medische-koelkast-meditherm-liebherr-performance-met-9-laden-en-1-rooster\/","title":{"rendered":"Liebherr Meditherm Performance &#8211; r\u00e9frig\u00e9rateur m\u00e9dical"},"content":{"rendered":"<p>Le MEDITHERM\u00ae PERFORMANCE est un r\u00e9frig\u00e9rateur d\u00e9velopp\u00e9 par Liebherr pour la conservation de m\u00e9dicaments et de pr\u00e9parations, optimis\u00e9 avec des tiroirs r\u00e9glables.<\/p>\n<ul>\n<li>Corps en acier, laqu\u00e9 blanc RAL 9003.<\/li>\n<li>9 tiroirs, 1 grille.<\/li>\n<li>Finition int\u00e9rieure en plastique, r\u00e9sistante \u00e0 l&rsquo;usure et aux acides.<\/li>\n<li>Porte \u00e0 fermeture automatique.<\/li>\n<li>Charni\u00e8res de porte r\u00e9versibles.<\/li>\n<li>R\u00e9partition constante de la temp\u00e9rature pour \u00e9viter la condensation.<\/li>\n<li>Affichage digital de la temp\u00e9rature sur la fa\u00e7ade de la porte.<\/li>\n<li>\u00c9quip\u00e9 d&rsquo;un signal d&rsquo;alarme optique et acoustique.<\/li>\n<li>SmartMonitoring : via une interface Wi-Fi\/LAN int\u00e9gr\u00e9e en option.<\/li>\n<li>R\u00e9frig\u00e9rant \u00e9cologique associ\u00e9 \u00e0 un compresseur puissant.<\/li>\n<li>Classe \u00e9nerg\u00e9tique C : faible consommation d&rsquo;\u00e9nergie gr\u00e2ce \u00e0 une isolation ultra-efficace.<\/li>\n<li>Tiroirs robustes, \u00e0 extraction silencieuse et faciles \u00e0 nettoyer.<\/li>\n<li>Modulable gr\u00e2ce \u00e0 des s\u00e9parateurs amovibles.<\/li>\n<\/ul>\n","protected":false},"excerpt":{"rendered":"<p>Le MEDITHERM\u00ae PERFORMANCE est un r\u00e9frig\u00e9rateur d\u00e9velopp\u00e9 par Liebherr pour la conservation de m\u00e9dicaments et de pr\u00e9parations, optimis\u00e9 avec des tiroirs r\u00e9glables. Corps en acier, laqu\u00e9 blanc RAL 9003. 9 tiroirs, 1 grille. Finition int\u00e9rieure en plastique, r\u00e9sistante \u00e0 l&rsquo;usure et aux acides. Porte \u00e0 fermeture automatique. Charni\u00e8res de porte r\u00e9versibles. R\u00e9partition constante de la [&hellip;]<\/p>\n","protected":false},"featured_media":503,"template":"","meta":{"_acf_changed":false},"product_brand":[],"product_cat":[96],"product_tag":[],"class_list":{"0":"post-2195","1":"product","2":"type-product","3":"status-publish","4":"has-post-thumbnail","6":"product_cat-investeringsgoederen-fr","7":"wcmo-protected-item wcmo-protected-product","9":"first","10":"instock","11":"taxable","12":"shipping-taxable","13":"product-type-simple","14":"add-to-wishlist-after_add_to_cart"},"acf":[],"yoast_head":"<!-- This site is optimized with the Yoast SEO plugin v27.4 - https:\/\/yoast.com\/product\/yoast-seo-wordpress\/ -->\n<title>Liebherr Meditherm Performance - r\u00e9frig\u00e9rateur m\u00e9dical - Farmax Pro<\/title>\n<meta name=\"robots\" content=\"index, follow, max-snippet:-1, max-image-preview:large, max-video-preview:-1\" \/>\n<link rel=\"canonical\" href=\"https:\/\/farmax.pro\/fr\/produit\/medische-koelkast-meditherm-liebherr-performance-met-9-laden-en-1-rooster\/\" \/>\n<meta property=\"og:locale\" content=\"fr_FR\" \/>\n<meta property=\"og:type\" content=\"article\" \/>\n<meta property=\"og:title\" content=\"Liebherr Meditherm Performance - r\u00e9frig\u00e9rateur m\u00e9dical - Farmax Pro\" \/>\n<meta property=\"og:description\" content=\"Le MEDITHERM\u00ae PERFORMANCE est un r\u00e9frig\u00e9rateur d\u00e9velopp\u00e9 par Liebherr pour la conservation de m\u00e9dicaments et de pr\u00e9parations, optimis\u00e9 avec des tiroirs r\u00e9glables. Corps en acier, laqu\u00e9 blanc RAL 9003. 9 tiroirs, 1 grille. Finition int\u00e9rieure en plastique, r\u00e9sistante \u00e0 l&rsquo;usure et aux acides. Porte \u00e0 fermeture automatique. Charni\u00e8res de porte r\u00e9versibles. R\u00e9partition constante de la [&hellip;]\" \/>\n<meta property=\"og:url\" content=\"https:\/\/farmax.pro\/fr\/produit\/medische-koelkast-meditherm-liebherr-performance-met-9-laden-en-1-rooster\/\" \/>\n<meta property=\"og:site_name\" content=\"Farmax Pro\" \/>\n<meta property=\"article:modified_time\" content=\"2025-12-26T18:32:06+00:00\" \/>\n<meta property=\"og:image\" content=\"https:\/\/farmax.pro\/wp-content\/uploads\/2025\/07\/Farmax_Meditherm_Performance.jpg\" \/>\n\t<meta property=\"og:image:width\" content=\"800\" \/>\n\t<meta property=\"og:image:height\" content=\"875\" \/>\n\t<meta property=\"og:image:type\" content=\"image\/jpeg\" \/>\n<meta name=\"twitter:card\" content=\"summary_large_image\" \/>\n<meta name=\"twitter:label1\" content=\"Dur\u00e9e de lecture estim\u00e9e\" \/>\n\t<meta name=\"twitter:data1\" content=\"1 minute\" \/>\n<script type=\"application\/ld+json\" class=\"yoast-schema-graph\">{\"@context\":\"https:\\\/\\\/schema.org\",\"@graph\":[{\"@type\":\"WebPage\",\"@id\":\"https:\\\/\\\/farmax.pro\\\/fr\\\/produit\\\/medische-koelkast-meditherm-liebherr-performance-met-9-laden-en-1-rooster\\\/\",\"url\":\"https:\\\/\\\/farmax.pro\\\/fr\\\/produit\\\/medische-koelkast-meditherm-liebherr-performance-met-9-laden-en-1-rooster\\\/\",\"name\":\"Liebherr Meditherm Performance - r\u00e9frig\u00e9rateur m\u00e9dical - Farmax Pro\",\"isPartOf\":{\"@id\":\"https:\\\/\\\/farmax.pro\\\/fr\\\/#website\"},\"primaryImageOfPage\":{\"@id\":\"https:\\\/\\\/farmax.pro\\\/fr\\\/produit\\\/medische-koelkast-meditherm-liebherr-performance-met-9-laden-en-1-rooster\\\/#primaryimage\"},\"image\":{\"@id\":\"https:\\\/\\\/farmax.pro\\\/fr\\\/produit\\\/medische-koelkast-meditherm-liebherr-performance-met-9-laden-en-1-rooster\\\/#primaryimage\"},\"thumbnailUrl\":\"https:\\\/\\\/farmax.pro\\\/wp-content\\\/uploads\\\/2025\\\/07\\\/Farmax_Meditherm_Performance.jpg\",\"datePublished\":\"2025-07-17T12:26:46+00:00\",\"dateModified\":\"2025-12-26T18:32:06+00:00\",\"breadcrumb\":{\"@id\":\"https:\\\/\\\/farmax.pro\\\/fr\\\/produit\\\/medische-koelkast-meditherm-liebherr-performance-met-9-laden-en-1-rooster\\\/#breadcrumb\"},\"inLanguage\":\"fr-FR\",\"potentialAction\":[{\"@type\":\"ReadAction\",\"target\":[\"https:\\\/\\\/farmax.pro\\\/fr\\\/produit\\\/medische-koelkast-meditherm-liebherr-performance-met-9-laden-en-1-rooster\\\/\"]}]},{\"@type\":\"ImageObject\",\"inLanguage\":\"fr-FR\",\"@id\":\"https:\\\/\\\/farmax.pro\\\/fr\\\/produit\\\/medische-koelkast-meditherm-liebherr-performance-met-9-laden-en-1-rooster\\\/#primaryimage\",\"url\":\"https:\\\/\\\/farmax.pro\\\/wp-content\\\/uploads\\\/2025\\\/07\\\/Farmax_Meditherm_Performance.jpg\",\"contentUrl\":\"https:\\\/\\\/farmax.pro\\\/wp-content\\\/uploads\\\/2025\\\/07\\\/Farmax_Meditherm_Performance.jpg\",\"width\":800,\"height\":875},{\"@type\":\"BreadcrumbList\",\"@id\":\"https:\\\/\\\/farmax.pro\\\/fr\\\/produit\\\/medische-koelkast-meditherm-liebherr-performance-met-9-laden-en-1-rooster\\\/#breadcrumb\",\"itemListElement\":[{\"@type\":\"ListItem\",\"position\":1,\"name\":\"Home\",\"item\":\"https:\\\/\\\/farmax.pro\\\/fr\\\/\"},{\"@type\":\"ListItem\",\"position\":2,\"name\":\"Boutique\",\"item\":\"https:\\\/\\\/farmax.pro\\\/winkel\\\/\"},{\"@type\":\"ListItem\",\"position\":3,\"name\":\"Mat\u00e9riel d'investissement\",\"item\":\"https:\\\/\\\/farmax.pro\\\/fr\\\/product-categorie\\\/investeringsgoederen-fr\\\/\"},{\"@type\":\"ListItem\",\"position\":4,\"name\":\"Liebherr Meditherm Performance &#8211; r\u00e9frig\u00e9rateur m\u00e9dical\"}]},{\"@type\":\"WebSite\",\"@id\":\"https:\\\/\\\/farmax.pro\\\/fr\\\/#website\",\"url\":\"https:\\\/\\\/farmax.pro\\\/fr\\\/\",\"name\":\"Farmax Pro\",\"description\":\"\",\"publisher\":{\"@id\":\"https:\\\/\\\/farmax.pro\\\/fr\\\/#organization\"},\"potentialAction\":[{\"@type\":\"SearchAction\",\"target\":{\"@type\":\"EntryPoint\",\"urlTemplate\":\"https:\\\/\\\/farmax.pro\\\/fr\\\/?s={search_term_string}\"},\"query-input\":{\"@type\":\"PropertyValueSpecification\",\"valueRequired\":true,\"valueName\":\"search_term_string\"}}],\"inLanguage\":\"fr-FR\"},{\"@type\":\"Organization\",\"@id\":\"https:\\\/\\\/farmax.pro\\\/fr\\\/#organization\",\"name\":\"Farmax Pro\",\"url\":\"https:\\\/\\\/farmax.pro\\\/fr\\\/\",\"logo\":{\"@type\":\"ImageObject\",\"inLanguage\":\"fr-FR\",\"@id\":\"https:\\\/\\\/farmax.pro\\\/fr\\\/#\\\/schema\\\/logo\\\/image\\\/\",\"url\":\"https:\\\/\\\/farmax.pro\\\/wp-content\\\/uploads\\\/2025\\\/06\\\/logo.png\",\"contentUrl\":\"https:\\\/\\\/farmax.pro\\\/wp-content\\\/uploads\\\/2025\\\/06\\\/logo.png\",\"width\":551,\"height\":86,\"caption\":\"Farmax Pro\"},\"image\":{\"@id\":\"https:\\\/\\\/farmax.pro\\\/fr\\\/#\\\/schema\\\/logo\\\/image\\\/\"}}]}<\/script>\n<!-- \/ Yoast SEO plugin. -->","yoast_head_json":{"title":"Liebherr Meditherm Performance - r\u00e9frig\u00e9rateur m\u00e9dical - Farmax Pro","robots":{"index":"index","follow":"follow","max-snippet":"max-snippet:-1","max-image-preview":"max-image-preview:large","max-video-preview":"max-video-preview:-1"},"canonical":"https:\/\/farmax.pro\/fr\/produit\/medische-koelkast-meditherm-liebherr-performance-met-9-laden-en-1-rooster\/","og_locale":"fr_FR","og_type":"article","og_title":"Liebherr Meditherm Performance - r\u00e9frig\u00e9rateur m\u00e9dical - Farmax Pro","og_description":"Le MEDITHERM\u00ae PERFORMANCE est un r\u00e9frig\u00e9rateur d\u00e9velopp\u00e9 par Liebherr pour la conservation de m\u00e9dicaments et de pr\u00e9parations, optimis\u00e9 avec des tiroirs r\u00e9glables. Corps en acier, laqu\u00e9 blanc RAL 9003. 9 tiroirs, 1 grille. Finition int\u00e9rieure en plastique, r\u00e9sistante \u00e0 l&rsquo;usure et aux acides. Porte \u00e0 fermeture automatique. Charni\u00e8res de porte r\u00e9versibles. R\u00e9partition constante de la [&hellip;]","og_url":"https:\/\/farmax.pro\/fr\/produit\/medische-koelkast-meditherm-liebherr-performance-met-9-laden-en-1-rooster\/","og_site_name":"Farmax Pro","article_modified_time":"2025-12-26T18:32:06+00:00","og_image":[{"width":800,"height":875,"url":"https:\/\/farmax.pro\/wp-content\/uploads\/2025\/07\/Farmax_Meditherm_Performance.jpg","type":"image\/jpeg"}],"twitter_card":"summary_large_image","twitter_misc":{"Dur\u00e9e de lecture estim\u00e9e":"1 minute"},"schema":{"@context":"https:\/\/schema.org","@graph":[{"@type":"WebPage","@id":"https:\/\/farmax.pro\/fr\/produit\/medische-koelkast-meditherm-liebherr-performance-met-9-laden-en-1-rooster\/","url":"https:\/\/farmax.pro\/fr\/produit\/medische-koelkast-meditherm-liebherr-performance-met-9-laden-en-1-rooster\/","name":"Liebherr Meditherm Performance - r\u00e9frig\u00e9rateur m\u00e9dical - Farmax Pro","isPartOf":{"@id":"https:\/\/farmax.pro\/fr\/#website"},"primaryImageOfPage":{"@id":"https:\/\/farmax.pro\/fr\/produit\/medische-koelkast-meditherm-liebherr-performance-met-9-laden-en-1-rooster\/#primaryimage"},"image":{"@id":"https:\/\/farmax.pro\/fr\/produit\/medische-koelkast-meditherm-liebherr-performance-met-9-laden-en-1-rooster\/#primaryimage"},"thumbnailUrl":"https:\/\/farmax.pro\/wp-content\/uploads\/2025\/07\/Farmax_Meditherm_Performance.jpg","datePublished":"2025-07-17T12:26:46+00:00","dateModified":"2025-12-26T18:32:06+00:00","breadcrumb":{"@id":"https:\/\/farmax.pro\/fr\/produit\/medische-koelkast-meditherm-liebherr-performance-met-9-laden-en-1-rooster\/#breadcrumb"},"inLanguage":"fr-FR","potentialAction":[{"@type":"ReadAction","target":["https:\/\/farmax.pro\/fr\/produit\/medische-koelkast-meditherm-liebherr-performance-met-9-laden-en-1-rooster\/"]}]},{"@type":"ImageObject","inLanguage":"fr-FR","@id":"https:\/\/farmax.pro\/fr\/produit\/medische-koelkast-meditherm-liebherr-performance-met-9-laden-en-1-rooster\/#primaryimage","url":"https:\/\/farmax.pro\/wp-content\/uploads\/2025\/07\/Farmax_Meditherm_Performance.jpg","contentUrl":"https:\/\/farmax.pro\/wp-content\/uploads\/2025\/07\/Farmax_Meditherm_Performance.jpg","width":800,"height":875},{"@type":"BreadcrumbList","@id":"https:\/\/farmax.pro\/fr\/produit\/medische-koelkast-meditherm-liebherr-performance-met-9-laden-en-1-rooster\/#breadcrumb","itemListElement":[{"@type":"ListItem","position":1,"name":"Home","item":"https:\/\/farmax.pro\/fr\/"},{"@type":"ListItem","position":2,"name":"Boutique","item":"https:\/\/farmax.pro\/winkel\/"},{"@type":"ListItem","position":3,"name":"Mat\u00e9riel d'investissement","item":"https:\/\/farmax.pro\/fr\/product-categorie\/investeringsgoederen-fr\/"},{"@type":"ListItem","position":4,"name":"Liebherr Meditherm Performance &#8211; r\u00e9frig\u00e9rateur m\u00e9dical"}]},{"@type":"WebSite","@id":"https:\/\/farmax.pro\/fr\/#website","url":"https:\/\/farmax.pro\/fr\/","name":"Farmax Pro","description":"","publisher":{"@id":"https:\/\/farmax.pro\/fr\/#organization"},"potentialAction":[{"@type":"SearchAction","target":{"@type":"EntryPoint","urlTemplate":"https:\/\/farmax.pro\/fr\/?s={search_term_string}"},"query-input":{"@type":"PropertyValueSpecification","valueRequired":true,"valueName":"search_term_string"}}],"inLanguage":"fr-FR"},{"@type":"Organization","@id":"https:\/\/farmax.pro\/fr\/#organization","name":"Farmax Pro","url":"https:\/\/farmax.pro\/fr\/","logo":{"@type":"ImageObject","inLanguage":"fr-FR","@id":"https:\/\/farmax.pro\/fr\/#\/schema\/logo\/image\/","url":"https:\/\/farmax.pro\/wp-content\/uploads\/2025\/06\/logo.png","contentUrl":"https:\/\/farmax.pro\/wp-content\/uploads\/2025\/06\/logo.png","width":551,"height":86,"caption":"Farmax Pro"},"image":{"@id":"https:\/\/farmax.pro\/fr\/#\/schema\/logo\/image\/"}}]}},"_links":{"self":[{"href":"https:\/\/farmax.pro\/fr\/wp-json\/wp\/v2\/product\/2195","targetHints":{"allow":["GET"]}}],"collection":[{"href":"https:\/\/farmax.pro\/fr\/wp-json\/wp\/v2\/product"}],"about":[{"href":"https:\/\/farmax.pro\/fr\/wp-json\/wp\/v2\/types\/product"}],"wp:featuredmedia":[{"embeddable":true,"href":"https:\/\/farmax.pro\/fr\/wp-json\/wp\/v2\/media\/503"}],"wp:attachment":[{"href":"https:\/\/farmax.pro\/fr\/wp-json\/wp\/v2\/media?parent=2195"}],"wp:term":[{"taxonomy":"product_brand","embeddable":true,"href":"https:\/\/farmax.pro\/fr\/wp-json\/wp\/v2\/product_brand?post=2195"},{"taxonomy":"product_cat","embeddable":true,"href":"https:\/\/farmax.pro\/fr\/wp-json\/wp\/v2\/product_cat?post=2195"},{"taxonomy":"product_tag","embeddable":true,"href":"https:\/\/farmax.pro\/fr\/wp-json\/wp\/v2\/product_tag?post=2195"}],"curies":[{"name":"wp","href":"https:\/\/api.w.org\/{rel}","templated":true}]}}