{"id":2207,"date":"2025-07-15T18:30:10","date_gmt":"2025-07-15T16:30:10","guid":{"rendered":"https:\/\/farmax.pro\/product\/glazen-fles-20ml-bruin-18mm-zonder-stop\/"},"modified":"2025-12-27T13:23:19","modified_gmt":"2025-12-27T12:23:19","slug":"glazen-fles-20ml-bruin-18mm-zonder-stop","status":"publish","type":"product","link":"https:\/\/farmax.pro\/fr\/produit\/glazen-fles-20ml-bruin-18mm-zonder-stop\/","title":{"rendered":"Flacon verre &#8211; 20ml &#8211; 18mm &#8211; sans bouchon &#8211; 1p \/ 195pcs"},"content":{"rendered":"<ul>\n<li>20ml.<\/li>\n<li>Brun.<\/li>\n<li>Diam\u00e8tre d&rsquo;ouverture: 18mm.<\/li>\n<li>Sans bouchon.<\/li>\n<li>Par pi\u00e8ce ou par paquet (195 pi\u00e8ces).<\/li>\n<\/ul>\n","protected":false},"excerpt":{"rendered":"<p>20ml. Brun. Diam\u00e8tre d&rsquo;ouverture: 18mm. Sans bouchon. Par pi\u00e8ce ou par paquet (195 pi\u00e8ces).<\/p>\n","protected":false},"featured_media":597,"template":"","meta":{"_acf_changed":false},"product_brand":[],"product_cat":[104],"product_tag":[],"class_list":{"0":"post-2207","1":"product","2":"type-product","3":"status-publish","4":"has-post-thumbnail","6":"product_cat-glazen-flessen-zonder-stop-fr","7":"wcmo-protected-item wcmo-protected-product","9":"first","10":"instock","11":"taxable","12":"shipping-taxable","13":"product-type-variable","14":"add-to-wishlist-after_add_to_cart"},"acf":[],"yoast_head":"<!-- This site is optimized with the Yoast SEO plugin v27.4 - https:\/\/yoast.com\/product\/yoast-seo-wordpress\/ -->\n<title>Flacon verre - 20ml - 18mm - sans bouchon - 1p \/ 195pcs - Farmax Pro<\/title>\n<meta name=\"robots\" content=\"index, follow, max-snippet:-1, max-image-preview:large, max-video-preview:-1\" \/>\n<link rel=\"canonical\" href=\"https:\/\/farmax.pro\/fr\/produit\/glazen-fles-20ml-bruin-18mm-zonder-stop\/\" \/>\n<meta property=\"og:locale\" content=\"fr_FR\" \/>\n<meta property=\"og:type\" content=\"article\" \/>\n<meta property=\"og:title\" content=\"Flacon verre - 20ml - 18mm - sans bouchon - 1p \/ 195pcs - Farmax Pro\" \/>\n<meta property=\"og:description\" content=\"20ml. Brun. Diam\u00e8tre d&rsquo;ouverture: 18mm. Sans bouchon. Par pi\u00e8ce ou par paquet (195 pi\u00e8ces).\" \/>\n<meta property=\"og:url\" content=\"https:\/\/farmax.pro\/fr\/produit\/glazen-fles-20ml-bruin-18mm-zonder-stop\/\" \/>\n<meta property=\"og:site_name\" content=\"Farmax Pro\" \/>\n<meta property=\"article:modified_time\" content=\"2025-12-27T12:23:19+00:00\" \/>\n<meta property=\"og:image\" content=\"https:\/\/farmax.pro\/wp-content\/uploads\/2025\/07\/Farmax_Fles_Glas_Rond_Bruin_Small18mm-2.jpg\" \/>\n\t<meta property=\"og:image:width\" content=\"600\" \/>\n\t<meta property=\"og:image:height\" content=\"600\" \/>\n\t<meta property=\"og:image:type\" content=\"image\/jpeg\" \/>\n<meta name=\"twitter:card\" content=\"summary_large_image\" \/>\n<meta name=\"twitter:label1\" content=\"Dur\u00e9e de lecture estim\u00e9e\" \/>\n\t<meta name=\"twitter:data1\" content=\"1 minute\" \/>\n<script type=\"application\/ld+json\" class=\"yoast-schema-graph\">{\"@context\":\"https:\\\/\\\/schema.org\",\"@graph\":[{\"@type\":\"WebPage\",\"@id\":\"https:\\\/\\\/farmax.pro\\\/fr\\\/produit\\\/glazen-fles-20ml-bruin-18mm-zonder-stop\\\/\",\"url\":\"https:\\\/\\\/farmax.pro\\\/fr\\\/produit\\\/glazen-fles-20ml-bruin-18mm-zonder-stop\\\/\",\"name\":\"Flacon verre - 20ml - 18mm - sans bouchon - 1p \\\/ 195pcs - Farmax Pro\",\"isPartOf\":{\"@id\":\"https:\\\/\\\/farmax.pro\\\/fr\\\/#website\"},\"primaryImageOfPage\":{\"@id\":\"https:\\\/\\\/farmax.pro\\\/fr\\\/produit\\\/glazen-fles-20ml-bruin-18mm-zonder-stop\\\/#primaryimage\"},\"image\":{\"@id\":\"https:\\\/\\\/farmax.pro\\\/fr\\\/produit\\\/glazen-fles-20ml-bruin-18mm-zonder-stop\\\/#primaryimage\"},\"thumbnailUrl\":\"https:\\\/\\\/farmax.pro\\\/wp-content\\\/uploads\\\/2025\\\/07\\\/Farmax_Fles_Glas_Rond_Bruin_Small18mm-2.jpg\",\"datePublished\":\"2025-07-15T16:30:10+00:00\",\"dateModified\":\"2025-12-27T12:23:19+00:00\",\"breadcrumb\":{\"@id\":\"https:\\\/\\\/farmax.pro\\\/fr\\\/produit\\\/glazen-fles-20ml-bruin-18mm-zonder-stop\\\/#breadcrumb\"},\"inLanguage\":\"fr-FR\",\"potentialAction\":[{\"@type\":\"ReadAction\",\"target\":[\"https:\\\/\\\/farmax.pro\\\/fr\\\/produit\\\/glazen-fles-20ml-bruin-18mm-zonder-stop\\\/\"]}]},{\"@type\":\"ImageObject\",\"inLanguage\":\"fr-FR\",\"@id\":\"https:\\\/\\\/farmax.pro\\\/fr\\\/produit\\\/glazen-fles-20ml-bruin-18mm-zonder-stop\\\/#primaryimage\",\"url\":\"https:\\\/\\\/farmax.pro\\\/wp-content\\\/uploads\\\/2025\\\/07\\\/Farmax_Fles_Glas_Rond_Bruin_Small18mm-2.jpg\",\"contentUrl\":\"https:\\\/\\\/farmax.pro\\\/wp-content\\\/uploads\\\/2025\\\/07\\\/Farmax_Fles_Glas_Rond_Bruin_Small18mm-2.jpg\",\"width\":600,\"height\":600},{\"@type\":\"BreadcrumbList\",\"@id\":\"https:\\\/\\\/farmax.pro\\\/fr\\\/produit\\\/glazen-fles-20ml-bruin-18mm-zonder-stop\\\/#breadcrumb\",\"itemListElement\":[{\"@type\":\"ListItem\",\"position\":1,\"name\":\"Home\",\"item\":\"https:\\\/\\\/farmax.pro\\\/fr\\\/\"},{\"@type\":\"ListItem\",\"position\":2,\"name\":\"Boutique\",\"item\":\"https:\\\/\\\/farmax.pro\\\/winkel\\\/\"},{\"@type\":\"ListItem\",\"position\":3,\"name\":\"Flacons en verre\",\"item\":\"https:\\\/\\\/farmax.pro\\\/fr\\\/product-categorie\\\/glazen-flessen-zonder-stop-fr\\\/\"},{\"@type\":\"ListItem\",\"position\":4,\"name\":\"Flacon verre &#8211; 20ml &#8211; 18mm &#8211; sans bouchon &#8211; 1p \\\/ 195pcs\"}]},{\"@type\":\"WebSite\",\"@id\":\"https:\\\/\\\/farmax.pro\\\/fr\\\/#website\",\"url\":\"https:\\\/\\\/farmax.pro\\\/fr\\\/\",\"name\":\"Farmax Pro\",\"description\":\"\",\"publisher\":{\"@id\":\"https:\\\/\\\/farmax.pro\\\/fr\\\/#organization\"},\"potentialAction\":[{\"@type\":\"SearchAction\",\"target\":{\"@type\":\"EntryPoint\",\"urlTemplate\":\"https:\\\/\\\/farmax.pro\\\/fr\\\/?s={search_term_string}\"},\"query-input\":{\"@type\":\"PropertyValueSpecification\",\"valueRequired\":true,\"valueName\":\"search_term_string\"}}],\"inLanguage\":\"fr-FR\"},{\"@type\":\"Organization\",\"@id\":\"https:\\\/\\\/farmax.pro\\\/fr\\\/#organization\",\"name\":\"Farmax Pro\",\"url\":\"https:\\\/\\\/farmax.pro\\\/fr\\\/\",\"logo\":{\"@type\":\"ImageObject\",\"inLanguage\":\"fr-FR\",\"@id\":\"https:\\\/\\\/farmax.pro\\\/fr\\\/#\\\/schema\\\/logo\\\/image\\\/\",\"url\":\"https:\\\/\\\/farmax.pro\\\/wp-content\\\/uploads\\\/2025\\\/06\\\/logo.png\",\"contentUrl\":\"https:\\\/\\\/farmax.pro\\\/wp-content\\\/uploads\\\/2025\\\/06\\\/logo.png\",\"width\":551,\"height\":86,\"caption\":\"Farmax Pro\"},\"image\":{\"@id\":\"https:\\\/\\\/farmax.pro\\\/fr\\\/#\\\/schema\\\/logo\\\/image\\\/\"}}]}<\/script>\n<!-- \/ Yoast SEO plugin. -->","yoast_head_json":{"title":"Flacon verre - 20ml - 18mm - sans bouchon - 1p \/ 195pcs - Farmax Pro","robots":{"index":"index","follow":"follow","max-snippet":"max-snippet:-1","max-image-preview":"max-image-preview:large","max-video-preview":"max-video-preview:-1"},"canonical":"https:\/\/farmax.pro\/fr\/produit\/glazen-fles-20ml-bruin-18mm-zonder-stop\/","og_locale":"fr_FR","og_type":"article","og_title":"Flacon verre - 20ml - 18mm - sans bouchon - 1p \/ 195pcs - Farmax Pro","og_description":"20ml. Brun. Diam\u00e8tre d&rsquo;ouverture: 18mm. Sans bouchon. Par pi\u00e8ce ou par paquet (195 pi\u00e8ces).","og_url":"https:\/\/farmax.pro\/fr\/produit\/glazen-fles-20ml-bruin-18mm-zonder-stop\/","og_site_name":"Farmax Pro","article_modified_time":"2025-12-27T12:23:19+00:00","og_image":[{"width":600,"height":600,"url":"https:\/\/farmax.pro\/wp-content\/uploads\/2025\/07\/Farmax_Fles_Glas_Rond_Bruin_Small18mm-2.jpg","type":"image\/jpeg"}],"twitter_card":"summary_large_image","twitter_misc":{"Dur\u00e9e de lecture estim\u00e9e":"1 minute"},"schema":{"@context":"https:\/\/schema.org","@graph":[{"@type":"WebPage","@id":"https:\/\/farmax.pro\/fr\/produit\/glazen-fles-20ml-bruin-18mm-zonder-stop\/","url":"https:\/\/farmax.pro\/fr\/produit\/glazen-fles-20ml-bruin-18mm-zonder-stop\/","name":"Flacon verre - 20ml - 18mm - sans bouchon - 1p \/ 195pcs - Farmax Pro","isPartOf":{"@id":"https:\/\/farmax.pro\/fr\/#website"},"primaryImageOfPage":{"@id":"https:\/\/farmax.pro\/fr\/produit\/glazen-fles-20ml-bruin-18mm-zonder-stop\/#primaryimage"},"image":{"@id":"https:\/\/farmax.pro\/fr\/produit\/glazen-fles-20ml-bruin-18mm-zonder-stop\/#primaryimage"},"thumbnailUrl":"https:\/\/farmax.pro\/wp-content\/uploads\/2025\/07\/Farmax_Fles_Glas_Rond_Bruin_Small18mm-2.jpg","datePublished":"2025-07-15T16:30:10+00:00","dateModified":"2025-12-27T12:23:19+00:00","breadcrumb":{"@id":"https:\/\/farmax.pro\/fr\/produit\/glazen-fles-20ml-bruin-18mm-zonder-stop\/#breadcrumb"},"inLanguage":"fr-FR","potentialAction":[{"@type":"ReadAction","target":["https:\/\/farmax.pro\/fr\/produit\/glazen-fles-20ml-bruin-18mm-zonder-stop\/"]}]},{"@type":"ImageObject","inLanguage":"fr-FR","@id":"https:\/\/farmax.pro\/fr\/produit\/glazen-fles-20ml-bruin-18mm-zonder-stop\/#primaryimage","url":"https:\/\/farmax.pro\/wp-content\/uploads\/2025\/07\/Farmax_Fles_Glas_Rond_Bruin_Small18mm-2.jpg","contentUrl":"https:\/\/farmax.pro\/wp-content\/uploads\/2025\/07\/Farmax_Fles_Glas_Rond_Bruin_Small18mm-2.jpg","width":600,"height":600},{"@type":"BreadcrumbList","@id":"https:\/\/farmax.pro\/fr\/produit\/glazen-fles-20ml-bruin-18mm-zonder-stop\/#breadcrumb","itemListElement":[{"@type":"ListItem","position":1,"name":"Home","item":"https:\/\/farmax.pro\/fr\/"},{"@type":"ListItem","position":2,"name":"Boutique","item":"https:\/\/farmax.pro\/winkel\/"},{"@type":"ListItem","position":3,"name":"Flacons en verre","item":"https:\/\/farmax.pro\/fr\/product-categorie\/glazen-flessen-zonder-stop-fr\/"},{"@type":"ListItem","position":4,"name":"Flacon verre &#8211; 20ml &#8211; 18mm &#8211; sans bouchon &#8211; 1p \/ 195pcs"}]},{"@type":"WebSite","@id":"https:\/\/farmax.pro\/fr\/#website","url":"https:\/\/farmax.pro\/fr\/","name":"Farmax Pro","description":"","publisher":{"@id":"https:\/\/farmax.pro\/fr\/#organization"},"potentialAction":[{"@type":"SearchAction","target":{"@type":"EntryPoint","urlTemplate":"https:\/\/farmax.pro\/fr\/?s={search_term_string}"},"query-input":{"@type":"PropertyValueSpecification","valueRequired":true,"valueName":"search_term_string"}}],"inLanguage":"fr-FR"},{"@type":"Organization","@id":"https:\/\/farmax.pro\/fr\/#organization","name":"Farmax Pro","url":"https:\/\/farmax.pro\/fr\/","logo":{"@type":"ImageObject","inLanguage":"fr-FR","@id":"https:\/\/farmax.pro\/fr\/#\/schema\/logo\/image\/","url":"https:\/\/farmax.pro\/wp-content\/uploads\/2025\/06\/logo.png","contentUrl":"https:\/\/farmax.pro\/wp-content\/uploads\/2025\/06\/logo.png","width":551,"height":86,"caption":"Farmax Pro"},"image":{"@id":"https:\/\/farmax.pro\/fr\/#\/schema\/logo\/image\/"}}]}},"_links":{"self":[{"href":"https:\/\/farmax.pro\/fr\/wp-json\/wp\/v2\/product\/2207","targetHints":{"allow":["GET"]}}],"collection":[{"href":"https:\/\/farmax.pro\/fr\/wp-json\/wp\/v2\/product"}],"about":[{"href":"https:\/\/farmax.pro\/fr\/wp-json\/wp\/v2\/types\/product"}],"wp:featuredmedia":[{"embeddable":true,"href":"https:\/\/farmax.pro\/fr\/wp-json\/wp\/v2\/media\/597"}],"wp:attachment":[{"href":"https:\/\/farmax.pro\/fr\/wp-json\/wp\/v2\/media?parent=2207"}],"wp:term":[{"taxonomy":"product_brand","embeddable":true,"href":"https:\/\/farmax.pro\/fr\/wp-json\/wp\/v2\/product_brand?post=2207"},{"taxonomy":"product_cat","embeddable":true,"href":"https:\/\/farmax.pro\/fr\/wp-json\/wp\/v2\/product_cat?post=2207"},{"taxonomy":"product_tag","embeddable":true,"href":"https:\/\/farmax.pro\/fr\/wp-json\/wp\/v2\/product_tag?post=2207"}],"curies":[{"name":"wp","href":"https:\/\/api.w.org\/{rel}","templated":true}]}}