{"id":4994,"date":"2025-10-20T18:17:21","date_gmt":"2025-10-20T16:17:21","guid":{"rendered":"https:\/\/farmax.pro\/product\/testo-saveris-2-t2-wifi-datalogger\/"},"modified":"2026-03-05T12:02:49","modified_gmt":"2026-03-05T11:02:49","slug":"testo-saveris-2-t2-wifi-datalogger","status":"publish","type":"product","link":"https:\/\/farmax.pro\/fr\/produit\/testo-saveris-2-t2-wifi-datalogger\/","title":{"rendered":"Testo 162 T2 &#8211; Enregistreur de donn\u00e9es en ligne &#8211; Ensemble complet"},"content":{"rendered":"<ul>\n<li class=\"flex gap-2\">\n<div>Alarmes par e-mail ou SMS en cas de d\u00e9passement des limites.<\/div>\n<\/li>\n<li class=\"flex gap-2\">\n<div>Surveillance automatique de la temp\u00e9rature au moyen de capteurs externes (CTN).<\/div>\n<\/li>\n<li class=\"flex gap-2\">\n<div>Connexion \u00e0 l\u2019App testo\u00a0Smart\u00a0:<br \/>\nmise en service ais\u00e9e, alarmes Push et tableau de bord.<\/div>\n<\/li>\n<li class=\"flex gap-2\">\n<div>Documentation automatique des valeurs de mesure dans testo Saveris (Cloud).<\/div>\n<\/li>\n<li class=\"flex gap-2\">\n<div>Transmission des donn\u00e9es via WLAN.<\/div>\n<\/li>\n<li class=\"flex gap-2\">\n<div>Contr\u00f4le visuel sur place gr\u00e2ce au grand \u00e9cran.<\/div>\n<\/li>\n<li>Enregistreur (\u20ac199) inclus.<\/li>\n<li>Sonde CTN (\u20ac92) inclus.<\/li>\n<li>Bloc secteur (\u20ac14) inclus.\n<div id=\"tw-ob\" class=\"tw-src-ltr\">\n<div class=\"oSioSc\"><\/div>\n<\/div>\n<\/li>\n<li>FACULTATIF: adapteur secteur (\u20ac39).<\/li>\n<\/ul>\n<p>&nbsp;<\/p>\n<ul>\n<li>ATTENTION! + \u20ac20 redevance annuelle.<\/li>\n<\/ul>\n","protected":false},"excerpt":{"rendered":"<p>Alarmes par e-mail ou SMS en cas de d\u00e9passement des limites. Surveillance automatique de la temp\u00e9rature au moyen de capteurs externes (CTN). Connexion \u00e0 l\u2019App testo\u00a0Smart\u00a0: mise en service ais\u00e9e, alarmes Push et tableau de bord. Documentation automatique des valeurs de mesure dans testo Saveris (Cloud). Transmission des donn\u00e9es via WLAN. Contr\u00f4le visuel sur place [&hellip;]<\/p>\n","protected":false},"featured_media":5356,"template":"","meta":{"_acf_changed":false},"product_brand":[],"product_cat":[96],"product_tag":[],"class_list":{"0":"post-4994","1":"product","2":"type-product","3":"status-publish","4":"has-post-thumbnail","6":"product_cat-investeringsgoederen-fr","7":"wcmo-protected-item wcmo-protected-product","9":"first","10":"instock","11":"taxable","12":"shipping-taxable","13":"product-type-simple","14":"add-to-wishlist-after_add_to_cart"},"acf":[],"yoast_head":"<!-- This site is optimized with the Yoast SEO plugin v27.4 - https:\/\/yoast.com\/product\/yoast-seo-wordpress\/ -->\n<title>Testo 162 T2 - Enregistreur de donn\u00e9es en ligne - Ensemble complet - Farmax Pro<\/title>\n<meta name=\"robots\" content=\"index, follow, max-snippet:-1, max-image-preview:large, max-video-preview:-1\" \/>\n<link rel=\"canonical\" href=\"https:\/\/farmax.pro\/fr\/produit\/testo-saveris-2-t2-wifi-datalogger\/\" \/>\n<meta property=\"og:locale\" content=\"fr_FR\" \/>\n<meta property=\"og:type\" content=\"article\" \/>\n<meta property=\"og:title\" content=\"Testo 162 T2 - Enregistreur de donn\u00e9es en ligne - Ensemble complet - Farmax Pro\" \/>\n<meta property=\"og:description\" content=\"Alarmes par e-mail ou SMS en cas de d\u00e9passement des limites. Surveillance automatique de la temp\u00e9rature au moyen de capteurs externes (CTN). Connexion \u00e0 l\u2019App testo\u00a0Smart\u00a0: mise en service ais\u00e9e, alarmes Push et tableau de bord. Documentation automatique des valeurs de mesure dans testo Saveris (Cloud). Transmission des donn\u00e9es via WLAN. Contr\u00f4le visuel sur place [&hellip;]\" \/>\n<meta property=\"og:url\" content=\"https:\/\/farmax.pro\/fr\/produit\/testo-saveris-2-t2-wifi-datalogger\/\" \/>\n<meta property=\"og:site_name\" content=\"Farmax Pro\" \/>\n<meta property=\"article:modified_time\" content=\"2026-03-05T11:02:49+00:00\" \/>\n<meta property=\"og:image\" content=\"https:\/\/farmax.pro\/wp-content\/uploads\/2025\/10\/Farmax_testo_162_T2_logger.webp\" \/>\n\t<meta property=\"og:image:width\" content=\"697\" \/>\n\t<meta property=\"og:image:height\" content=\"468\" \/>\n\t<meta property=\"og:image:type\" content=\"image\/webp\" \/>\n<meta name=\"twitter:card\" content=\"summary_large_image\" \/>\n<meta name=\"twitter:label1\" content=\"Dur\u00e9e de lecture estim\u00e9e\" \/>\n\t<meta name=\"twitter:data1\" content=\"1 minute\" \/>\n<script type=\"application\/ld+json\" class=\"yoast-schema-graph\">{\"@context\":\"https:\\\/\\\/schema.org\",\"@graph\":[{\"@type\":\"WebPage\",\"@id\":\"https:\\\/\\\/farmax.pro\\\/fr\\\/produit\\\/testo-saveris-2-t2-wifi-datalogger\\\/\",\"url\":\"https:\\\/\\\/farmax.pro\\\/fr\\\/produit\\\/testo-saveris-2-t2-wifi-datalogger\\\/\",\"name\":\"Testo 162 T2 - Enregistreur de donn\u00e9es en ligne - Ensemble complet - Farmax Pro\",\"isPartOf\":{\"@id\":\"https:\\\/\\\/farmax.pro\\\/fr\\\/#website\"},\"primaryImageOfPage\":{\"@id\":\"https:\\\/\\\/farmax.pro\\\/fr\\\/produit\\\/testo-saveris-2-t2-wifi-datalogger\\\/#primaryimage\"},\"image\":{\"@id\":\"https:\\\/\\\/farmax.pro\\\/fr\\\/produit\\\/testo-saveris-2-t2-wifi-datalogger\\\/#primaryimage\"},\"thumbnailUrl\":\"https:\\\/\\\/farmax.pro\\\/wp-content\\\/uploads\\\/2025\\\/10\\\/Farmax_testo_162_T2_logger.webp\",\"datePublished\":\"2025-10-20T16:17:21+00:00\",\"dateModified\":\"2026-03-05T11:02:49+00:00\",\"breadcrumb\":{\"@id\":\"https:\\\/\\\/farmax.pro\\\/fr\\\/produit\\\/testo-saveris-2-t2-wifi-datalogger\\\/#breadcrumb\"},\"inLanguage\":\"fr-FR\",\"potentialAction\":[{\"@type\":\"ReadAction\",\"target\":[\"https:\\\/\\\/farmax.pro\\\/fr\\\/produit\\\/testo-saveris-2-t2-wifi-datalogger\\\/\"]}]},{\"@type\":\"ImageObject\",\"inLanguage\":\"fr-FR\",\"@id\":\"https:\\\/\\\/farmax.pro\\\/fr\\\/produit\\\/testo-saveris-2-t2-wifi-datalogger\\\/#primaryimage\",\"url\":\"https:\\\/\\\/farmax.pro\\\/wp-content\\\/uploads\\\/2025\\\/10\\\/Farmax_testo_162_T2_logger.webp\",\"contentUrl\":\"https:\\\/\\\/farmax.pro\\\/wp-content\\\/uploads\\\/2025\\\/10\\\/Farmax_testo_162_T2_logger.webp\",\"width\":697,\"height\":468},{\"@type\":\"BreadcrumbList\",\"@id\":\"https:\\\/\\\/farmax.pro\\\/fr\\\/produit\\\/testo-saveris-2-t2-wifi-datalogger\\\/#breadcrumb\",\"itemListElement\":[{\"@type\":\"ListItem\",\"position\":1,\"name\":\"Home\",\"item\":\"https:\\\/\\\/farmax.pro\\\/fr\\\/\"},{\"@type\":\"ListItem\",\"position\":2,\"name\":\"Boutique\",\"item\":\"https:\\\/\\\/farmax.pro\\\/winkel\\\/\"},{\"@type\":\"ListItem\",\"position\":3,\"name\":\"Mat\u00e9riel d'investissement\",\"item\":\"https:\\\/\\\/farmax.pro\\\/fr\\\/product-categorie\\\/investeringsgoederen-fr\\\/\"},{\"@type\":\"ListItem\",\"position\":4,\"name\":\"Testo 162 T2 &#8211; Enregistreur de donn\u00e9es en ligne &#8211; Ensemble complet\"}]},{\"@type\":\"WebSite\",\"@id\":\"https:\\\/\\\/farmax.pro\\\/fr\\\/#website\",\"url\":\"https:\\\/\\\/farmax.pro\\\/fr\\\/\",\"name\":\"Farmax Pro\",\"description\":\"\",\"publisher\":{\"@id\":\"https:\\\/\\\/farmax.pro\\\/fr\\\/#organization\"},\"potentialAction\":[{\"@type\":\"SearchAction\",\"target\":{\"@type\":\"EntryPoint\",\"urlTemplate\":\"https:\\\/\\\/farmax.pro\\\/fr\\\/?s={search_term_string}\"},\"query-input\":{\"@type\":\"PropertyValueSpecification\",\"valueRequired\":true,\"valueName\":\"search_term_string\"}}],\"inLanguage\":\"fr-FR\"},{\"@type\":\"Organization\",\"@id\":\"https:\\\/\\\/farmax.pro\\\/fr\\\/#organization\",\"name\":\"Farmax Pro\",\"url\":\"https:\\\/\\\/farmax.pro\\\/fr\\\/\",\"logo\":{\"@type\":\"ImageObject\",\"inLanguage\":\"fr-FR\",\"@id\":\"https:\\\/\\\/farmax.pro\\\/fr\\\/#\\\/schema\\\/logo\\\/image\\\/\",\"url\":\"https:\\\/\\\/farmax.pro\\\/wp-content\\\/uploads\\\/2025\\\/06\\\/logo.png\",\"contentUrl\":\"https:\\\/\\\/farmax.pro\\\/wp-content\\\/uploads\\\/2025\\\/06\\\/logo.png\",\"width\":551,\"height\":86,\"caption\":\"Farmax Pro\"},\"image\":{\"@id\":\"https:\\\/\\\/farmax.pro\\\/fr\\\/#\\\/schema\\\/logo\\\/image\\\/\"}}]}<\/script>\n<!-- \/ Yoast SEO plugin. -->","yoast_head_json":{"title":"Testo 162 T2 - Enregistreur de donn\u00e9es en ligne - Ensemble complet - Farmax Pro","robots":{"index":"index","follow":"follow","max-snippet":"max-snippet:-1","max-image-preview":"max-image-preview:large","max-video-preview":"max-video-preview:-1"},"canonical":"https:\/\/farmax.pro\/fr\/produit\/testo-saveris-2-t2-wifi-datalogger\/","og_locale":"fr_FR","og_type":"article","og_title":"Testo 162 T2 - Enregistreur de donn\u00e9es en ligne - Ensemble complet - Farmax Pro","og_description":"Alarmes par e-mail ou SMS en cas de d\u00e9passement des limites. Surveillance automatique de la temp\u00e9rature au moyen de capteurs externes (CTN). Connexion \u00e0 l\u2019App testo\u00a0Smart\u00a0: mise en service ais\u00e9e, alarmes Push et tableau de bord. Documentation automatique des valeurs de mesure dans testo Saveris (Cloud). Transmission des donn\u00e9es via WLAN. Contr\u00f4le visuel sur place [&hellip;]","og_url":"https:\/\/farmax.pro\/fr\/produit\/testo-saveris-2-t2-wifi-datalogger\/","og_site_name":"Farmax Pro","article_modified_time":"2026-03-05T11:02:49+00:00","og_image":[{"width":697,"height":468,"url":"https:\/\/farmax.pro\/wp-content\/uploads\/2025\/10\/Farmax_testo_162_T2_logger.webp","type":"image\/webp"}],"twitter_card":"summary_large_image","twitter_misc":{"Dur\u00e9e de lecture estim\u00e9e":"1 minute"},"schema":{"@context":"https:\/\/schema.org","@graph":[{"@type":"WebPage","@id":"https:\/\/farmax.pro\/fr\/produit\/testo-saveris-2-t2-wifi-datalogger\/","url":"https:\/\/farmax.pro\/fr\/produit\/testo-saveris-2-t2-wifi-datalogger\/","name":"Testo 162 T2 - Enregistreur de donn\u00e9es en ligne - Ensemble complet - Farmax Pro","isPartOf":{"@id":"https:\/\/farmax.pro\/fr\/#website"},"primaryImageOfPage":{"@id":"https:\/\/farmax.pro\/fr\/produit\/testo-saveris-2-t2-wifi-datalogger\/#primaryimage"},"image":{"@id":"https:\/\/farmax.pro\/fr\/produit\/testo-saveris-2-t2-wifi-datalogger\/#primaryimage"},"thumbnailUrl":"https:\/\/farmax.pro\/wp-content\/uploads\/2025\/10\/Farmax_testo_162_T2_logger.webp","datePublished":"2025-10-20T16:17:21+00:00","dateModified":"2026-03-05T11:02:49+00:00","breadcrumb":{"@id":"https:\/\/farmax.pro\/fr\/produit\/testo-saveris-2-t2-wifi-datalogger\/#breadcrumb"},"inLanguage":"fr-FR","potentialAction":[{"@type":"ReadAction","target":["https:\/\/farmax.pro\/fr\/produit\/testo-saveris-2-t2-wifi-datalogger\/"]}]},{"@type":"ImageObject","inLanguage":"fr-FR","@id":"https:\/\/farmax.pro\/fr\/produit\/testo-saveris-2-t2-wifi-datalogger\/#primaryimage","url":"https:\/\/farmax.pro\/wp-content\/uploads\/2025\/10\/Farmax_testo_162_T2_logger.webp","contentUrl":"https:\/\/farmax.pro\/wp-content\/uploads\/2025\/10\/Farmax_testo_162_T2_logger.webp","width":697,"height":468},{"@type":"BreadcrumbList","@id":"https:\/\/farmax.pro\/fr\/produit\/testo-saveris-2-t2-wifi-datalogger\/#breadcrumb","itemListElement":[{"@type":"ListItem","position":1,"name":"Home","item":"https:\/\/farmax.pro\/fr\/"},{"@type":"ListItem","position":2,"name":"Boutique","item":"https:\/\/farmax.pro\/winkel\/"},{"@type":"ListItem","position":3,"name":"Mat\u00e9riel d'investissement","item":"https:\/\/farmax.pro\/fr\/product-categorie\/investeringsgoederen-fr\/"},{"@type":"ListItem","position":4,"name":"Testo 162 T2 &#8211; Enregistreur de donn\u00e9es en ligne &#8211; Ensemble complet"}]},{"@type":"WebSite","@id":"https:\/\/farmax.pro\/fr\/#website","url":"https:\/\/farmax.pro\/fr\/","name":"Farmax Pro","description":"","publisher":{"@id":"https:\/\/farmax.pro\/fr\/#organization"},"potentialAction":[{"@type":"SearchAction","target":{"@type":"EntryPoint","urlTemplate":"https:\/\/farmax.pro\/fr\/?s={search_term_string}"},"query-input":{"@type":"PropertyValueSpecification","valueRequired":true,"valueName":"search_term_string"}}],"inLanguage":"fr-FR"},{"@type":"Organization","@id":"https:\/\/farmax.pro\/fr\/#organization","name":"Farmax Pro","url":"https:\/\/farmax.pro\/fr\/","logo":{"@type":"ImageObject","inLanguage":"fr-FR","@id":"https:\/\/farmax.pro\/fr\/#\/schema\/logo\/image\/","url":"https:\/\/farmax.pro\/wp-content\/uploads\/2025\/06\/logo.png","contentUrl":"https:\/\/farmax.pro\/wp-content\/uploads\/2025\/06\/logo.png","width":551,"height":86,"caption":"Farmax Pro"},"image":{"@id":"https:\/\/farmax.pro\/fr\/#\/schema\/logo\/image\/"}}]}},"_links":{"self":[{"href":"https:\/\/farmax.pro\/fr\/wp-json\/wp\/v2\/product\/4994","targetHints":{"allow":["GET"]}}],"collection":[{"href":"https:\/\/farmax.pro\/fr\/wp-json\/wp\/v2\/product"}],"about":[{"href":"https:\/\/farmax.pro\/fr\/wp-json\/wp\/v2\/types\/product"}],"wp:featuredmedia":[{"embeddable":true,"href":"https:\/\/farmax.pro\/fr\/wp-json\/wp\/v2\/media\/5356"}],"wp:attachment":[{"href":"https:\/\/farmax.pro\/fr\/wp-json\/wp\/v2\/media?parent=4994"}],"wp:term":[{"taxonomy":"product_brand","embeddable":true,"href":"https:\/\/farmax.pro\/fr\/wp-json\/wp\/v2\/product_brand?post=4994"},{"taxonomy":"product_cat","embeddable":true,"href":"https:\/\/farmax.pro\/fr\/wp-json\/wp\/v2\/product_cat?post=4994"},{"taxonomy":"product_tag","embeddable":true,"href":"https:\/\/farmax.pro\/fr\/wp-json\/wp\/v2\/product_tag?post=4994"}],"curies":[{"name":"wp","href":"https:\/\/api.w.org\/{rel}","templated":true}]}}